{"id":6,"date":"2019-12-05T08:27:31","date_gmt":"2019-12-05T08:27:31","guid":{"rendered":"http:\/\/pfarrei-schorndorf.de\/?page_id=6"},"modified":"2019-12-13T03:39:00","modified_gmt":"2019-12-13T03:39:00","slug":"pfarrbrief","status":"publish","type":"page","link":"https:\/\/pfarrei-schorndorf.de\/?page_id=6","title":{"rendered":"Pfarrbrief"},"content":{"rendered":"\n<p>Unser Pfarrbrief steht allen Pfarrgemeinde Mitgliedern zur Verf\u00fcgung und enth\u00e4lt alle wichtigen Termine und Zeiten f\u00fcr die kommenden Wochen. Gerne k\u00f6nnen Sie den Pfarrbrief als gedruckte Version oder elektronisch \u00fcber nachfolgendes Formular zum jeweils n\u00e4chstm\u00f6glichen Zeitpunkt bestellen oder abbestellen. <\/p>\n\n\n\n<p>Die gedruckte Version wird durch unsere Pfarrbrief Austr\u00e4ger an den Empf\u00e4nger innerhalb unserer Pfarrei gegen einen Unkostenbeitrag in H\u00f6he von 0,50 EUR je Pfarrbrief zugestellt. <\/p>\n\n\n\n<p>Der elektronische Pfarrbrief wird Ihnen jeweils bei Neuerscheinen via EMail als PDF durch das Pfarrb\u00fcro zugestellt. Der Unkostenbeitrag des elektronischen Pfarrbriefs wird nicht durch die Pfarrbrief Austr\u00e4ger erhoben. Wir bitten jedoch f\u00fcr die Unkosten des elektronischen Pfarrbriefs um eine <span style=\"text-decoration: underline;\">freiwillige Spende<\/span> ihrerseits in H\u00f6he von 0,50 EUR je Pfarrbrief in den Opferstock unserer Pfarrkirche Schorndorf. Der elektronische Pfarrbrief ist nur f\u00fcr den Haushalt des Bestellers bestimmt und darf nicht an Dritte weiterverteilt werden.<\/p>\n\n\n<div class=\"wpforms-container wpforms-container-full wpforms-block\" id=\"wpforms-77\"><form id=\"wpforms-form-77\" class=\"wpforms-validate wpforms-form\" data-formid=\"77\" method=\"post\" enctype=\"multipart\/form-data\" action=\"\/index.php?rest_route=%2Fwp%2Fv2%2Fpages%2F6\" data-token=\"c19822f0741e33115d9e16c70bb4b990\" data-token-time=\"1777649602\"><noscript class=\"wpforms-error-noscript\">Bitte aktiviere JavaScript in deinem Browser, um dieses Formular fertigzustellen.<\/noscript><div class=\"wpforms-field-container\"><div id=\"wpforms-77-field_6-container\" class=\"wpforms-field wpforms-field-radio\" data-field-id=\"6\"><label class=\"wpforms-field-label\">Pfarrbrief zum n\u00e4chstm\u00f6glichen Termin &#8230; <span class=\"wpforms-required-label\">*<\/span><\/label><ul id=\"wpforms-77-field_6\" class=\"wpforms-field-required\"><li class=\"choice-1 depth-1 wpforms-selected\"><input type=\"radio\" id=\"wpforms-77-field_6_1\" name=\"wpforms[fields][6]\" value=\"neu oder zus\u00e4tzlich bestellen\" required  checked='checked'><label class=\"wpforms-field-label-inline\" for=\"wpforms-77-field_6_1\">neu oder zus\u00e4tzlich bestellen<\/label><\/li><li class=\"choice-3 depth-1\"><input type=\"radio\" id=\"wpforms-77-field_6_3\" name=\"wpforms[fields][6]\" value=\"Zustellung \u00e4ndern (z.B. gedruckt auf PDF)\" required ><label class=\"wpforms-field-label-inline\" for=\"wpforms-77-field_6_3\">Zustellung \u00e4ndern (z.B. gedruckt auf PDF)<\/label><\/li><li class=\"choice-2 depth-1\"><input type=\"radio\" id=\"wpforms-77-field_6_2\" name=\"wpforms[fields][6]\" value=\"abbestellen\" required ><label class=\"wpforms-field-label-inline\" for=\"wpforms-77-field_6_2\">abbestellen<\/label><\/li><\/ul><\/div><div id=\"wpforms-77-field_0-container\" class=\"wpforms-field wpforms-field-name\" data-field-id=\"0\"><label class=\"wpforms-field-label\">Name <span class=\"wpforms-required-label\">*<\/span><\/label><div class=\"wpforms-field-row wpforms-field-medium\"><div class=\"wpforms-field-row-block wpforms-first wpforms-one-half\"><input type=\"text\" id=\"wpforms-77-field_0\" class=\"wpforms-field-name-first wpforms-field-required\" name=\"wpforms[fields][0][first]\" required><label for=\"wpforms-77-field_0\" class=\"wpforms-field-sublabel after\">Vorname<\/label><\/div><div class=\"wpforms-field-row-block wpforms-one-half\"><input type=\"text\" id=\"wpforms-77-field_0-last\" class=\"wpforms-field-name-last wpforms-field-required\" name=\"wpforms[fields][0][last]\" required><label for=\"wpforms-77-field_0-last\" class=\"wpforms-field-sublabel after\">Nachname<\/label><\/div><\/div><\/div><div id=\"wpforms-77-field_2-container\" class=\"wpforms-field wpforms-field-text\" data-field-id=\"2\"><label class=\"wpforms-field-label\" for=\"wpforms-77-field_2\">Strasse <span class=\"wpforms-required-label\">*<\/span><\/label><input type=\"text\" id=\"wpforms-77-field_2\" class=\"wpforms-field-medium wpforms-field-required\" name=\"wpforms[fields][2]\" required><\/div><div id=\"wpforms-77-field_3-container\" class=\"wpforms-field wpforms-field-text\" data-field-id=\"3\"><label class=\"wpforms-field-label\" for=\"wpforms-77-field_3\">PLZ \/ Ort <span class=\"wpforms-required-label\">*<\/span><\/label><input type=\"text\" id=\"wpforms-77-field_3\" class=\"wpforms-field-medium wpforms-field-required\" name=\"wpforms[fields][3]\" required><\/div><div id=\"wpforms-77-field_1-container\" class=\"wpforms-field wpforms-field-email\" data-field-id=\"1\"><label class=\"wpforms-field-label\" for=\"wpforms-77-field_1\">E-Mail <span class=\"wpforms-required-label\">*<\/span><\/label><input type=\"email\" id=\"wpforms-77-field_1\" class=\"wpforms-field-medium wpforms-field-required\" name=\"wpforms[fields][1]\" spellcheck=\"false\" required><\/div><div id=\"wpforms-77-field_4-container\" class=\"wpforms-field wpforms-field-radio\" data-field-id=\"4\"><label class=\"wpforms-field-label\">Pfarrbrief Zustellungsoptionen zum n\u00e4chstm\u00f6glichen Zeitpunkt: <span class=\"wpforms-required-label\">*<\/span><\/label><ul id=\"wpforms-77-field_4\" class=\"wpforms-field-required\"><li class=\"choice-1 depth-1 wpforms-selected\"><input type=\"radio\" id=\"wpforms-77-field_4_1\" name=\"wpforms[fields][4]\" value=\"per EMail als PDF\" required  checked='checked'><label class=\"wpforms-field-label-inline\" for=\"wpforms-77-field_4_1\">per EMail als PDF<\/label><\/li><li class=\"choice-2 depth-1\"><input type=\"radio\" id=\"wpforms-77-field_4_2\" name=\"wpforms[fields][4]\" value=\"gedruckt via Austr\u00e4ger\" required ><label class=\"wpforms-field-label-inline\" for=\"wpforms-77-field_4_2\">gedruckt via Austr\u00e4ger<\/label><\/li><\/ul><\/div><\/div><!-- .wpforms-field-container --><div class=\"wpforms-field wpforms-field-hp\"><label for=\"wpforms-77-field-hp\" class=\"wpforms-field-label\">Website<\/label><input type=\"text\" name=\"wpforms[hp]\" id=\"wpforms-77-field-hp\" class=\"wpforms-field-medium\"><\/div><div class=\"wpforms-submit-container\" ><input type=\"hidden\" name=\"wpforms[id]\" value=\"77\"><input type=\"hidden\" name=\"page_title\" value=\"\"><input type=\"hidden\" name=\"page_url\" value=\"https:\/\/pfarrei-schorndorf.de\/index.php?rest_route=\/wp\/v2\/pages\/6\"><input type=\"hidden\" name=\"url_referer\" value=\"\"><button type=\"submit\" name=\"wpforms[submit]\" id=\"wpforms-submit-77\" class=\"wpforms-submit\" data-alt-text=\"Senden...\" data-submit-text=\"Absenden\" aria-live=\"assertive\" value=\"wpforms-submit\">Absenden<\/button><\/div><\/form><\/div>  <!-- .wpforms-container -->\n\n\n<p>Durch Absenden dieses Formulars akzeptieren Sie die oben genannten Bedingungen zu unserem Pfarrbrief und der damit verbundenen Zustellung und Kosten.<\/p>\n","protected":false},"excerpt":{"rendered":"<p>Unser Pfarrbrief steht allen Pfarrgemeinde Mitgliedern zur Verf\u00fcgung und enth\u00e4lt alle wichtigen Termine und Zeiten f\u00fcr die kommenden Wochen. Gerne k\u00f6nnen Sie den Pfarrbrief als&#8230;<\/p>\n<div class=\"more-link-wrapper\"><a class=\"more-link\" href=\"https:\/\/pfarrei-schorndorf.de\/?page_id=6\">mehr<span class=\"screen-reader-text\">Pfarrbrief<\/span><\/a><\/div>\n","protected":false},"author":1,"featured_media":0,"parent":0,"menu_order":0,"comment_status":"closed","ping_status":"closed","template":"","meta":{"_seopress_robots_primary_cat":"","_seopress_titles_title":"","_seopress_titles_desc":"","_seopress_robots_index":"","footnotes":""},"class_list":["post-6","page","type-page","status-publish","hentry","ratio-natural","entry"],"_links":{"self":[{"href":"https:\/\/pfarrei-schorndorf.de\/index.php?rest_route=\/wp\/v2\/pages\/6","targetHints":{"allow":["GET"]}}],"collection":[{"href":"https:\/\/pfarrei-schorndorf.de\/index.php?rest_route=\/wp\/v2\/pages"}],"about":[{"href":"https:\/\/pfarrei-schorndorf.de\/index.php?rest_route=\/wp\/v2\/types\/page"}],"author":[{"embeddable":true,"href":"https:\/\/pfarrei-schorndorf.de\/index.php?rest_route=\/wp\/v2\/users\/1"}],"replies":[{"embeddable":true,"href":"https:\/\/pfarrei-schorndorf.de\/index.php?rest_route=%2Fwp%2Fv2%2Fcomments&post=6"}],"version-history":[{"count":3,"href":"https:\/\/pfarrei-schorndorf.de\/index.php?rest_route=\/wp\/v2\/pages\/6\/revisions"}],"predecessor-version":[{"id":177,"href":"https:\/\/pfarrei-schorndorf.de\/index.php?rest_route=\/wp\/v2\/pages\/6\/revisions\/177"}],"wp:attachment":[{"href":"https:\/\/pfarrei-schorndorf.de\/index.php?rest_route=%2Fwp%2Fv2%2Fmedia&parent=6"}],"curies":[{"name":"wp","href":"https:\/\/api.w.org\/{rel}","templated":true}]}}